{"id":52,"date":"2016-10-27T09:12:51","date_gmt":"2016-10-27T09:12:51","guid":{"rendered":"http:\/\/akinkirtasiye.com\/?page_id=52"},"modified":"2016-10-27T12:13:05","modified_gmt":"2016-10-27T12:13:05","slug":"hakkimizda","status":"publish","type":"page","link":"https:\/\/akinkirtasiye.com\/?page_id=52","title":{"rendered":"HAKKIMIZDA"},"content":{"rendered":"<p>Ak\u0131n K\u0131rtasiye 2007 y\u0131l\u0131nda \u00c7a\u011flayan&#8217;da faaliyete girmi\u015ftir.\u00c7o\u011funlukla ofis malzemeleri satan ve di\u011fer k\u0131rtasiye \u00fcr\u00fcnlerini rahatl\u0131kla Ak\u0131n K\u0131rtasiye de bulabilirsiniz.<\/p>\n<p>Ak\u0131n K\u0131rtasiye \u00fcr\u00fcnleri 7&#8217;den 70&#8217;e herkesin kulland\u0131\u011f\u0131 dayan\u0131kl\u0131 ve kaliteli \u00fcr\u00fcnleri dikkat \u00e7ekmektedir.<\/p>\n<p>G\u00fc\u00e7l\u00fc altyap\u0131s\u0131, zengin ve kaliteli \u00fcr\u00fcn se\u00e7enekleri ile sizlere daha iyi ve daha h\u0131zl\u0131 hizmet vermeyi ama\u00e7lamaktad\u0131r.<\/p>\n<p>Sayg\u0131lar\u0131m\u0131zla<\/p>\n","protected":false},"excerpt":{"rendered":"<p>Ak\u0131n K\u0131rtasiye 2007 y\u0131l\u0131nda \u00c7a\u011flayan&#8217;da faaliyete girmi\u015ftir.\u00c7o\u011funlukla ofis malzemeleri satan ve di\u011fer k\u0131rtasiye \u00fcr\u00fcnlerini rahatl\u0131kla Ak\u0131n K\u0131rtasiye de bulabilirsiniz. Ak\u0131n K\u0131rtasiye \u00fcr\u00fcnleri 7&#8217;den 70&#8217;e herkesin kulland\u0131\u011f\u0131 dayan\u0131kl\u0131 ve kaliteli \u00fcr\u00fcnleri dikkat \u00e7ekmektedir. G\u00fc\u00e7l\u00fc altyap\u0131s\u0131, zengin ve kaliteli \u00fcr\u00fcn se\u00e7enekleri ile sizlere daha iyi ve daha h\u0131zl\u0131 hizmet vermeyi ama\u00e7lamaktad\u0131r. Sayg\u0131lar\u0131m\u0131zla<\/p>\n","protected":false},"author":1,"featured_media":0,"parent":0,"menu_order":0,"comment_status":"closed","ping_status":"closed","template":"","meta":[],"_links":{"self":[{"href":"https:\/\/akinkirtasiye.com\/index.php?rest_route=\/wp\/v2\/pages\/52"}],"collection":[{"href":"https:\/\/akinkirtasiye.com\/index.php?rest_route=\/wp\/v2\/pages"}],"about":[{"href":"https:\/\/akinkirtasiye.com\/index.php?rest_route=\/wp\/v2\/types\/page"}],"author":[{"embeddable":true,"href":"https:\/\/akinkirtasiye.com\/index.php?rest_route=\/wp\/v2\/users\/1"}],"replies":[{"embeddable":true,"href":"https:\/\/akinkirtasiye.com\/index.php?rest_route=%2Fwp%2Fv2%2Fcomments&post=52"}],"version-history":[{"count":4,"href":"https:\/\/akinkirtasiye.com\/index.php?rest_route=\/wp\/v2\/pages\/52\/revisions"}],"predecessor-version":[{"id":58,"href":"https:\/\/akinkirtasiye.com\/index.php?rest_route=\/wp\/v2\/pages\/52\/revisions\/58"}],"wp:attachment":[{"href":"https:\/\/akinkirtasiye.com\/index.php?rest_route=%2Fwp%2Fv2%2Fmedia&parent=52"}],"curies":[{"name":"wp","href":"https:\/\/api.w.org\/{rel}","templated":true}]}}